{"id":370,"date":"2022-12-08T13:39:25","date_gmt":"2022-12-08T11:39:25","guid":{"rendered":"https:\/\/supra-mars.univ-amu.fr\/?page_id=370"},"modified":"2022-12-08T13:45:41","modified_gmt":"2022-12-08T11:45:41","slug":"mentions-legales","status":"publish","type":"page","link":"https:\/\/supra-mars.univ-amu.fr\/?page_id=370","title":{"rendered":"Mentions L\u00e9gales"},"content":{"rendered":"\n<p><\/p>\n\n\n\n<h2 class=\"wp-block-heading\" style=\"font-style:normal;font-weight:700\">Mentions l\u00e9gales<\/h2>\n\n\n\n<p><\/p>\n\n\n\n<hr class=\"wp-block-separator has-alpha-channel-opacity is-style-wide\"\/>\n\n\n\n<p><\/p>\n\n\n\n<p><strong>Supra-Mars<\/strong><\/p>\n\n\n\n<p>CNRS \u2013 Aix Marseille Universit\u00e9 \u2013 Ecole Centrale <br>Campus Etoile et Campus de Luminy<br>Marseille \u2013 FRANCE<\/p>\n\n\n\n<ul class=\"wp-block-list\">\n<li>Site web : https:\/\/supra-mars.univ-amu.fr\/<\/li>\n\n\n\n<li>T\u00e9l\u00e9phone : 04 13 94 58 13<\/li>\n\n\n\n<li>Directeur de la publication : Mr David Bardelang<\/li>\n\n\n\n<li>Directeur de la r\u00e9daction : Mr David Bardelang<\/li>\n<\/ul>\n\n\n\n<p><strong>Cr\u00e9ation du site web<\/strong><\/p>\n\n\n\n<p>Mr David Bardelang<\/p>\n\n\n\n<p><strong>Maintenance et adaptation du site web<\/strong><\/p>\n\n\n\n<p>Mr David Bardelang et Mr Didier Siri<\/p>\n\n\n\n<p><strong>H\u00e9bergeur<\/strong><\/p>\n\n\n\n<p>Data Center Sud (AMU, Aix-Marseille Universite)<br><strong>Protection des informations nominatives<\/strong><\/p>\n\n\n\n<p>Conform\u00e9ment \u00e0 la loi n\u00b0 78-17 du 6 janvier 1978, relative \u00e0 l\u2019Informatique, aux fichiers et aux Libert\u00e9s (articles 38, 39, 40), vous disposez d\u2019un droit d\u2019acc\u00e8s, de rectification et de suppression des donn\u00e9es vous concernant, en ligne sur ce site. Pour exercer ce droit, vous pouvez vous adresser au webmestre.<br>Conditions d\u2019utilisation<\/p>\n\n\n\n<p><strong>Clause de non-responsabilit\u00e9<\/strong><\/p>\n\n\n\n<p>La responsabilit\u00e9 de Supra-Mars ne peut, en aucune mani\u00e8re, \u00eatre engag\u00e9e quant au contenu des informations figurant sur ce site ou aux cons\u00e9quences pouvant r\u00e9sulter de leur utilisation ou interpr\u00e9tation.<\/p>\n\n\n\n<p><strong>Propri\u00e9t\u00e9 intellectuelle<\/strong><\/p>\n\n\n\n<p>Le site de Supra-Mars est une \u0153uvre de cr\u00e9ation, propri\u00e9t\u00e9 exclusive de Supra-Mars, prot\u00e9g\u00e9e par la l\u00e9gislation fran\u00e7aise et internationale sur le droit de la propri\u00e9t\u00e9 intellectuelle. Aucune reproduction ou repr\u00e9sentation ne peut \u00eatre r\u00e9alis\u00e9e en contravention avec les droits du Supra-Mars issus de la l\u00e9gislation susvis\u00e9e.<\/p>\n\n\n\n<p><strong>Liens hypertextes<\/strong><\/p>\n\n\n\n<p>La mise en place de liens hypertextes par des tiers vers des pages ou des documents diffus\u00e9s sur le site de Supra-Mars, est autoris\u00e9e sous r\u00e9serve que les liens ne contreviennent pas aux int\u00e9r\u00eats de Supra-Mars, et, qu\u2019ils garantissent la possibilit\u00e9 pour l\u2019utilisateur d\u2019identifier l\u2019origine et l\u2019auteur du document.<\/p>\n","protected":false},"excerpt":{"rendered":"<p>Mentions l\u00e9gales Supra-Mars CNRS \u2013 Aix Marseille Universit\u00e9 \u2013 Ecole Centrale Campus Etoile et Campus de LuminyMarseille \u2013 FRANCE Cr\u00e9ation du site web Mr David Bardelang Maintenance et adaptation du site web Mr David Bardelang et Mr Didier Siri H\u00e9bergeur Data Center Sud (AMU, Aix-Marseille Universite)Protection des informations nominatives Conform\u00e9ment \u00e0 la loi n\u00b0 78-17 &hellip;<\/p>\n<p class=\"read-more\"> <a class=\"\" href=\"https:\/\/supra-mars.univ-amu.fr\/?page_id=370\"> <span class=\"screen-reader-text\">Mentions L\u00e9gales<\/span> Read More &raquo;<\/a><\/p>\n","protected":false},"author":1,"featured_media":0,"parent":0,"menu_order":0,"comment_status":"closed","ping_status":"closed","template":"","meta":{"site-sidebar-layout":"default","site-content-layout":"default","ast-global-header-display":"","ast-main-header-display":"","ast-hfb-above-header-display":"","ast-hfb-below-header-display":"","ast-hfb-mobile-header-display":"","site-post-title":"disabled","ast-breadcrumbs-content":"","ast-featured-img":"","footer-sml-layout":"","theme-transparent-header-meta":"","adv-header-id-meta":"","stick-header-meta":"","header-above-stick-meta":"","header-main-stick-meta":"","header-below-stick-meta":"","footnotes":""},"class_list":["post-370","page","type-page","status-publish","hentry"],"yoast_head":"<!-- This site is optimized with the Yoast SEO plugin v27.5 - https:\/\/yoast.com\/product\/yoast-seo-wordpress\/ -->\n<title>Mentions L\u00e9gales - Supramolecular Chemistry<\/title>\n<meta name=\"robots\" content=\"index, follow, max-snippet:-1, max-image-preview:large, max-video-preview:-1\" \/>\n<link rel=\"canonical\" href=\"https:\/\/supra-mars.univ-amu.fr\/?page_id=370\" \/>\n<meta property=\"og:locale\" content=\"en_US\" \/>\n<meta property=\"og:type\" content=\"article\" \/>\n<meta property=\"og:title\" content=\"Mentions L\u00e9gales - Supramolecular Chemistry\" \/>\n<meta property=\"og:description\" content=\"Mentions l\u00e9gales Supra-Mars CNRS \u2013 Aix Marseille Universit\u00e9 \u2013 Ecole Centrale Campus Etoile et Campus de LuminyMarseille \u2013 FRANCE Cr\u00e9ation du site web Mr David Bardelang Maintenance et adaptation du site web Mr David Bardelang et Mr Didier Siri H\u00e9bergeur Data Center Sud (AMU, Aix-Marseille Universite)Protection des informations nominatives Conform\u00e9ment \u00e0 la loi n\u00b0 78-17 &hellip; Mentions L\u00e9gales Read More &raquo;\" \/>\n<meta property=\"og:url\" content=\"https:\/\/supra-mars.univ-amu.fr\/?page_id=370\" \/>\n<meta property=\"og:site_name\" content=\"Supramolecular Chemistry\" \/>\n<meta property=\"article:modified_time\" content=\"2022-12-08T11:45:41+00:00\" \/>\n<meta name=\"twitter:card\" content=\"summary_large_image\" \/>\n<meta name=\"twitter:label1\" content=\"Est. reading time\" \/>\n\t<meta name=\"twitter:data1\" content=\"1 minute\" \/>\n<script type=\"application\/ld+json\" class=\"yoast-schema-graph\">{\"@context\":\"https:\\\/\\\/schema.org\",\"@graph\":[{\"@type\":\"WebPage\",\"@id\":\"https:\\\/\\\/supra-mars.univ-amu.fr\\\/?page_id=370\",\"url\":\"https:\\\/\\\/supra-mars.univ-amu.fr\\\/?page_id=370\",\"name\":\"Mentions L\u00e9gales - Supramolecular Chemistry\",\"isPartOf\":{\"@id\":\"https:\\\/\\\/supra-mars.univ-amu.fr\\\/#website\"},\"datePublished\":\"2022-12-08T11:39:25+00:00\",\"dateModified\":\"2022-12-08T11:45:41+00:00\",\"breadcrumb\":{\"@id\":\"https:\\\/\\\/supra-mars.univ-amu.fr\\\/?page_id=370#breadcrumb\"},\"inLanguage\":\"en-US\",\"potentialAction\":[{\"@type\":\"ReadAction\",\"target\":[\"https:\\\/\\\/supra-mars.univ-amu.fr\\\/?page_id=370\"]}]},{\"@type\":\"BreadcrumbList\",\"@id\":\"https:\\\/\\\/supra-mars.univ-amu.fr\\\/?page_id=370#breadcrumb\",\"itemListElement\":[{\"@type\":\"ListItem\",\"position\":1,\"name\":\"Home\",\"item\":\"https:\\\/\\\/supra-mars.univ-amu.fr\\\/\"},{\"@type\":\"ListItem\",\"position\":2,\"name\":\"Mentions L\u00e9gales\"}]},{\"@type\":\"WebSite\",\"@id\":\"https:\\\/\\\/supra-mars.univ-amu.fr\\\/#website\",\"url\":\"https:\\\/\\\/supra-mars.univ-amu.fr\\\/\",\"name\":\"Supramolecular Chemistry\",\"description\":\"Marseille\",\"publisher\":{\"@id\":\"https:\\\/\\\/supra-mars.univ-amu.fr\\\/#organization\"},\"potentialAction\":[{\"@type\":\"SearchAction\",\"target\":{\"@type\":\"EntryPoint\",\"urlTemplate\":\"https:\\\/\\\/supra-mars.univ-amu.fr\\\/?s={search_term_string}\"},\"query-input\":{\"@type\":\"PropertyValueSpecification\",\"valueRequired\":true,\"valueName\":\"search_term_string\"}}],\"inLanguage\":\"en-US\"},{\"@type\":\"Organization\",\"@id\":\"https:\\\/\\\/supra-mars.univ-amu.fr\\\/#organization\",\"name\":\"Supra-Mars\",\"url\":\"https:\\\/\\\/supra-mars.univ-amu.fr\\\/\",\"logo\":{\"@type\":\"ImageObject\",\"inLanguage\":\"en-US\",\"@id\":\"https:\\\/\\\/supra-mars.univ-amu.fr\\\/#\\\/schema\\\/logo\\\/image\\\/\",\"url\":\"https:\\\/\\\/supra-mars.univ-amu.fr\\\/wp-content\\\/uploads\\\/2022\\\/06\\\/cropped-DIRCOM-Logo_AMU_CMJN.png\",\"contentUrl\":\"https:\\\/\\\/supra-mars.univ-amu.fr\\\/wp-content\\\/uploads\\\/2022\\\/06\\\/cropped-DIRCOM-Logo_AMU_CMJN.png\",\"width\":3606,\"height\":1202,\"caption\":\"Supra-Mars\"},\"image\":{\"@id\":\"https:\\\/\\\/supra-mars.univ-amu.fr\\\/#\\\/schema\\\/logo\\\/image\\\/\"}}]}<\/script>\n<!-- \/ Yoast SEO plugin. -->","yoast_head_json":{"title":"Mentions L\u00e9gales - Supramolecular Chemistry","robots":{"index":"index","follow":"follow","max-snippet":"max-snippet:-1","max-image-preview":"max-image-preview:large","max-video-preview":"max-video-preview:-1"},"canonical":"https:\/\/supra-mars.univ-amu.fr\/?page_id=370","og_locale":"en_US","og_type":"article","og_title":"Mentions L\u00e9gales - Supramolecular Chemistry","og_description":"Mentions l\u00e9gales Supra-Mars CNRS \u2013 Aix Marseille Universit\u00e9 \u2013 Ecole Centrale Campus Etoile et Campus de LuminyMarseille \u2013 FRANCE Cr\u00e9ation du site web Mr David Bardelang Maintenance et adaptation du site web Mr David Bardelang et Mr Didier Siri H\u00e9bergeur Data Center Sud (AMU, Aix-Marseille Universite)Protection des informations nominatives Conform\u00e9ment \u00e0 la loi n\u00b0 78-17 &hellip; Mentions L\u00e9gales Read More &raquo;","og_url":"https:\/\/supra-mars.univ-amu.fr\/?page_id=370","og_site_name":"Supramolecular Chemistry","article_modified_time":"2022-12-08T11:45:41+00:00","twitter_card":"summary_large_image","twitter_misc":{"Est. reading time":"1 minute"},"schema":{"@context":"https:\/\/schema.org","@graph":[{"@type":"WebPage","@id":"https:\/\/supra-mars.univ-amu.fr\/?page_id=370","url":"https:\/\/supra-mars.univ-amu.fr\/?page_id=370","name":"Mentions L\u00e9gales - Supramolecular Chemistry","isPartOf":{"@id":"https:\/\/supra-mars.univ-amu.fr\/#website"},"datePublished":"2022-12-08T11:39:25+00:00","dateModified":"2022-12-08T11:45:41+00:00","breadcrumb":{"@id":"https:\/\/supra-mars.univ-amu.fr\/?page_id=370#breadcrumb"},"inLanguage":"en-US","potentialAction":[{"@type":"ReadAction","target":["https:\/\/supra-mars.univ-amu.fr\/?page_id=370"]}]},{"@type":"BreadcrumbList","@id":"https:\/\/supra-mars.univ-amu.fr\/?page_id=370#breadcrumb","itemListElement":[{"@type":"ListItem","position":1,"name":"Home","item":"https:\/\/supra-mars.univ-amu.fr\/"},{"@type":"ListItem","position":2,"name":"Mentions L\u00e9gales"}]},{"@type":"WebSite","@id":"https:\/\/supra-mars.univ-amu.fr\/#website","url":"https:\/\/supra-mars.univ-amu.fr\/","name":"Supramolecular Chemistry","description":"Marseille","publisher":{"@id":"https:\/\/supra-mars.univ-amu.fr\/#organization"},"potentialAction":[{"@type":"SearchAction","target":{"@type":"EntryPoint","urlTemplate":"https:\/\/supra-mars.univ-amu.fr\/?s={search_term_string}"},"query-input":{"@type":"PropertyValueSpecification","valueRequired":true,"valueName":"search_term_string"}}],"inLanguage":"en-US"},{"@type":"Organization","@id":"https:\/\/supra-mars.univ-amu.fr\/#organization","name":"Supra-Mars","url":"https:\/\/supra-mars.univ-amu.fr\/","logo":{"@type":"ImageObject","inLanguage":"en-US","@id":"https:\/\/supra-mars.univ-amu.fr\/#\/schema\/logo\/image\/","url":"https:\/\/supra-mars.univ-amu.fr\/wp-content\/uploads\/2022\/06\/cropped-DIRCOM-Logo_AMU_CMJN.png","contentUrl":"https:\/\/supra-mars.univ-amu.fr\/wp-content\/uploads\/2022\/06\/cropped-DIRCOM-Logo_AMU_CMJN.png","width":3606,"height":1202,"caption":"Supra-Mars"},"image":{"@id":"https:\/\/supra-mars.univ-amu.fr\/#\/schema\/logo\/image\/"}}]}},"_links":{"self":[{"href":"https:\/\/supra-mars.univ-amu.fr\/index.php?rest_route=\/wp\/v2\/pages\/370","targetHints":{"allow":["GET"]}}],"collection":[{"href":"https:\/\/supra-mars.univ-amu.fr\/index.php?rest_route=\/wp\/v2\/pages"}],"about":[{"href":"https:\/\/supra-mars.univ-amu.fr\/index.php?rest_route=\/wp\/v2\/types\/page"}],"author":[{"embeddable":true,"href":"https:\/\/supra-mars.univ-amu.fr\/index.php?rest_route=\/wp\/v2\/users\/1"}],"replies":[{"embeddable":true,"href":"https:\/\/supra-mars.univ-amu.fr\/index.php?rest_route=%2Fwp%2Fv2%2Fcomments&post=370"}],"version-history":[{"count":4,"href":"https:\/\/supra-mars.univ-amu.fr\/index.php?rest_route=\/wp\/v2\/pages\/370\/revisions"}],"predecessor-version":[{"id":376,"href":"https:\/\/supra-mars.univ-amu.fr\/index.php?rest_route=\/wp\/v2\/pages\/370\/revisions\/376"}],"wp:attachment":[{"href":"https:\/\/supra-mars.univ-amu.fr\/index.php?rest_route=%2Fwp%2Fv2%2Fmedia&parent=370"}],"curies":[{"name":"wp","href":"https:\/\/api.w.org\/{rel}","templated":true}]}}